{"id":10,"date":"2025-01-29T22:19:07","date_gmt":"2025-01-29T22:19:07","guid":{"rendered":"https:\/\/norboats.fi\/?page_id=10"},"modified":"2025-02-10T10:08:12","modified_gmt":"2025-02-10T10:08:12","slug":"home","status":"publish","type":"page","link":"https:\/\/norboats.fi\/","title":{"rendered":"Norboats: Puuveneet ja venekuomut"},"content":{"rendered":"\n<div class=\"wp-block-cover alignfull\" style=\"min-height:720px;aspect-ratio:unset;\"><span aria-hidden=\"true\" class=\"wp-block-cover__background has-background-dim-40 has-background-dim\" style=\"background-color:#371500\"><\/span><img loading=\"lazy\" decoding=\"async\" width=\"1200\" height=\"900\" class=\"wp-block-cover__image-background wp-image-45\" alt=\"\" src=\"https:\/\/norboats.fi\/wp-content\/uploads\/2025\/01\/vene-1.jpg\" style=\"object-position:40% 57%\" data-object-fit=\"cover\" data-object-position=\"40% 57%\" srcset=\"https:\/\/norboats.fi\/wp-content\/uploads\/2025\/01\/vene-1.jpg 1200w, https:\/\/norboats.fi\/wp-content\/uploads\/2025\/01\/vene-1-300x225.jpg 300w, https:\/\/norboats.fi\/wp-content\/uploads\/2025\/01\/vene-1-1024x768.jpg 1024w, https:\/\/norboats.fi\/wp-content\/uploads\/2025\/01\/vene-1-768x576.jpg 768w\" sizes=\"auto, (max-width: 1200px) 100vw, 1200px\" \/><div class=\"wp-block-cover__inner-container is-layout-flow wp-block-cover-is-layout-flow\">\n<h2 class=\"wp-block-heading has-text-align-center has-white-color has-text-color has-link-color wp-elements-ceef95c1c60ab0d79aaac4d403dfb757\">Norboats valmistaa ammattitaidolla puuveneet ja venekuomut<\/h2>\n\n\n\n<p class=\"has-text-align-center has-white-color has-text-color has-link-color wp-elements-4c3e804a4edcbe598f2f81305e0bf2d5\">Ota yhteytt\u00e4, kun tarvitset venealan palveluita Suomessa.<\/p>\n\n\n\n<p class=\"has-text-align-center has-white-color has-text-color has-link-color wp-elements-8f87bf030b7a6131ea9da4641a2c3c81\">\ud83c\udde9\ud83c\uddea Wir sprechen Deutsch! \ud83c\uddec\ud83c\udde7 We speak English!<\/p>\n<\/div><\/div>\n\n\n\n<div class=\"wp-block-group alignfull is-layout-constrained wp-block-group-is-layout-constrained\" id=\"services\" style=\"padding-top:25px;padding-bottom:25px\">\n<h2 class=\"wp-block-heading\">Palvelumme<\/h2>\n\n\n\n<div class=\"wp-block-columns is-layout-flex wp-container-core-columns-is-layout-28f84493 wp-block-columns-is-layout-flex\">\n<div class=\"wp-block-column is-layout-flow wp-container-core-column-is-layout-ce02884d wp-block-column-is-layout-flow\">\n<figure class=\"wp-block-image size-full\"><img loading=\"lazy\" decoding=\"async\" width=\"1200\" height=\"800\" src=\"https:\/\/norboats.fi\/wp-content\/uploads\/2025\/01\/kuva-1.jpg\" alt=\"\" class=\"wp-image-149\" srcset=\"https:\/\/norboats.fi\/wp-content\/uploads\/2025\/01\/kuva-1.jpg 1200w, https:\/\/norboats.fi\/wp-content\/uploads\/2025\/01\/kuva-1-300x200.jpg 300w, https:\/\/norboats.fi\/wp-content\/uploads\/2025\/01\/kuva-1-1024x683.jpg 1024w, https:\/\/norboats.fi\/wp-content\/uploads\/2025\/01\/kuva-1-768x512.jpg 768w\" sizes=\"auto, (max-width: 1200px) 100vw, 1200px\" \/><\/figure>\n\n\n\n<h3 class=\"wp-block-heading\" style=\"margin-top:16px\">Puuveneet<\/h3>\n\n\n\n<p>Norboats valmistaa ja kunnostaa puuveneit\u00e4 vuosien kokemuksella. Yhdist\u00e4mme perinteiset veneveistotekniikat ja modernin veneenrakennuksen parhaat ratkaisut, jotta veneesi on kest\u00e4v\u00e4, ajaton ja helppohoitoinen.<\/p>\n<\/div>\n\n\n\n<div class=\"wp-block-column is-layout-flow wp-container-core-column-is-layout-6b73ce23 wp-block-column-is-layout-flow\">\n<figure class=\"wp-block-image size-full\"><img loading=\"lazy\" decoding=\"async\" width=\"1200\" height=\"800\" src=\"https:\/\/norboats.fi\/wp-content\/uploads\/2025\/01\/kuva-2.jpg\" alt=\"\" class=\"wp-image-150\" srcset=\"https:\/\/norboats.fi\/wp-content\/uploads\/2025\/01\/kuva-2.jpg 1200w, https:\/\/norboats.fi\/wp-content\/uploads\/2025\/01\/kuva-2-300x200.jpg 300w, https:\/\/norboats.fi\/wp-content\/uploads\/2025\/01\/kuva-2-1024x683.jpg 1024w, https:\/\/norboats.fi\/wp-content\/uploads\/2025\/01\/kuva-2-768x512.jpg 768w\" sizes=\"auto, (max-width: 1200px) 100vw, 1200px\" \/><\/figure>\n\n\n\n<h3 class=\"wp-block-heading\" style=\"margin-top:16px\">Venekuomut<\/h3>\n\n\n\n<p>Valmistamme venekuomut ja venepeitteet yksil\u00f6ty\u00f6n\u00e4. Kuomut valmistetaan laadukkaista materiaaleista k\u00e4sity\u00f6n\u00e4. K\u00e4yt\u00e4mme <a href=\"https:\/\/www.sattler.com\/en\/home\">Sattlerin<\/a> ja Sunbrellan kankaita. Teemme my\u00f6s putki- ja kaarity\u00f6t kuomuihin.<\/p>\n<\/div>\n<\/div>\n<\/div>\n\n\n\n<div class=\"wp-block-group alignfull has-white-color has-ast-global-color-0-background-color has-text-color has-background has-link-color wp-elements-ed67c93dfa12681d44e8e467e54face4 is-layout-constrained wp-block-group-is-layout-constrained\" style=\"padding-top:20px;padding-bottom:20px\">\n<h2 class=\"wp-block-heading has-text-align-center has-white-color has-text-color has-link-color wp-elements-d74c860f38d0320d03b0625207b43d61\">Ota yhteytt\u00e4<\/h2>\n\n\n\n<h4 class=\"wp-block-heading has-text-align-center has-white-color has-text-color has-link-color wp-elements-011e96a48733141dcf57003c0a4ff57f\"><strong>Veneveist\u00e4m\u00f6 ja kuomuompelimo <\/strong><\/h4>\n\n\n\n<p class=\"has-text-align-center has-white-color has-text-color has-link-color wp-elements-b6803993ad79ad20a51735c3a0e3f3a4\">+358 40 320 8049<br>henrik.norri@norboats.fi<br>Korpikyl\u00e4ntie 413, 16500 Herrala.<\/p>\n\n\n\n<p class=\"has-text-align-center\">Kuomuompelimo ja veneveist\u00e4m\u00f6 sijaitsevat Korpikyl\u00e4n kansakoululla Hollolassa.<\/p>\n\n\n\n<p class=\"has-text-align-center\">Olemme avoinna sopimuksen mukaan, joten otathan yhteytt\u00e4 ennen vierailuasi.<\/p>\n\n\n\n<div class=\"wp-block-columns is-layout-flex wp-container-core-columns-is-layout-28f84493 wp-block-columns-is-layout-flex\">\n<div class=\"wp-block-column is-layout-flow wp-block-column-is-layout-flow\" style=\"flex-basis:33.33%\">\n<p><strong>Henrik Norri<\/strong><br>Venemestari<\/p>\n\n\n\n<p>+358 40 320 8049<br><a href=\"mailto:henrik.norri@norboats.fi\">henrik.norri@norboats.fi<\/a><br><br><strong>Norboats Ky<\/strong><br>Korpikyl\u00e4ntie 413<br>16500 Herrala<br><\/p>\n<\/div>\n\n\n\n<div class=\"wp-block-column is-layout-flow wp-block-column-is-layout-flow\" style=\"flex-basis:66.66%\"><div class=\"wp-block-jetpack-contact-form is-style-default wp-elements-fe3b51fc402c8ac2fb78b06c08bdd24e\"><a href=\"https:\/\/norboats.fi\/\" target=\"_blank\" rel=\"noopener noreferrer\">Submit a form.<\/a><\/div><\/div>\n<\/div>\n<\/div>\n\n\n\n<div class=\"wp-block-cover alignfull\"><span aria-hidden=\"true\" class=\"wp-block-cover__background has-background-dim\" style=\"background-color:#412c00\"><\/span><img loading=\"lazy\" decoding=\"async\" width=\"1200\" height=\"675\" class=\"wp-block-cover__image-background wp-image-85\" alt=\"\" src=\"https:\/\/norboats.fi\/wp-content\/uploads\/2025\/01\/hoyrylaiva-1.jpg\" data-object-fit=\"cover\" srcset=\"https:\/\/norboats.fi\/wp-content\/uploads\/2025\/01\/hoyrylaiva-1.jpg 1200w, https:\/\/norboats.fi\/wp-content\/uploads\/2025\/01\/hoyrylaiva-1-300x169.jpg 300w, https:\/\/norboats.fi\/wp-content\/uploads\/2025\/01\/hoyrylaiva-1-1024x576.jpg 1024w, https:\/\/norboats.fi\/wp-content\/uploads\/2025\/01\/hoyrylaiva-1-768x432.jpg 768w\" sizes=\"auto, (max-width: 1200px) 100vw, 1200px\" \/><div class=\"wp-block-cover__inner-container is-layout-constrained wp-block-cover-is-layout-constrained\">\n<h2 class=\"wp-block-heading has-text-align-center has-white-color has-text-color has-link-color wp-elements-175d9ad3795db02ef6dd43a58daafbdc\">Seuraa ty\u00f6n\u00e4ytteit\u00e4 ja kuulumisia somessa <\/h2>\n\n\n\n<div style=\"text-align: center;\">\n    <iframe loading=\"lazy\" src=\"https:\/\/www.facebook.com\/plugins\/page.php?href=https%3A%2F%2Fwww.facebook.com%2Fnorboats.fi%2F&#038;tabs=timeline&#038;width=500&#038;height=650&#038;small_header=true&#038;adapt_container_width=true&#038;hide_cover=false&#038;show_facepile=true&#038;appId\" width=\"500\" height=\"650\" scrolling=\"no\" frameborder=\"0\" id=\"skel-layers-wrapper\" style=\"border:none;overflow:hidden; display: inline-block;\" allowTransparency=\"true\"><\/iframe>\n<\/div>\n\n\n\n<div class=\"wp-block-buttons is-content-justification-center is-layout-flex wp-container-core-buttons-is-layout-a89b3969 wp-block-buttons-is-layout-flex\">\n<div class=\"wp-block-button\"><a class=\"wp-block-button__link has-text-align-center wp-element-button\" href=\"https:\/\/www.facebook.com\/norboats.fi\/\" target=\"_blank\" rel=\"noreferrer noopener\">Norboats Facebookissa<\/a><\/div>\n<\/div>\n<\/div><\/div>\n","protected":false},"excerpt":{"rendered":"<p>Palvelumme Puuveneet Norboats valmistaa ja kunnostaa puuveneit\u00e4 vuosien kokemuksella. Yhdist\u00e4mme perinteiset veneveistotekniikat ja modernin veneenrakennuksen parhaat ratkaisut, jotta veneesi on [&hellip;]<\/p>\n","protected":false},"author":1,"featured_media":148,"parent":0,"menu_order":0,"comment_status":"closed","ping_status":"closed","template":"","meta":{"site-sidebar-layout":"no-sidebar","site-content-layout":"plain-container","ast-site-content-layout":"default","site-content-style":"default","site-sidebar-style":"default","ast-global-header-display":"","ast-banner-title-visibility":"","ast-main-header-display":"","ast-hfb-above-header-display":"","ast-hfb-below-header-display":"","ast-hfb-mobile-header-display":"","site-post-title":"disabled","ast-breadcrumbs-content":"","ast-featured-img":"","footer-sml-layout":"","ast-disable-related-posts":"","theme-transparent-header-meta":"enabled","adv-header-id-meta":"","stick-header-meta":"","header-above-stick-meta":"","header-main-stick-meta":"","header-below-stick-meta":"","astra-migrate-meta-layouts":"default","ast-page-background-enabled":"default","ast-page-background-meta":{"desktop":{"background-color":"var(--ast-global-color-5)","background-image":"","background-repeat":"repeat","background-position":"center center","background-size":"auto","background-attachment":"scroll","background-type":"","background-media":"","overlay-type":"","overlay-color":"","overlay-opacity":"","overlay-gradient":""},"tablet":{"background-color":"","background-image":"","background-repeat":"repeat","background-position":"center center","background-size":"auto","background-attachment":"scroll","background-type":"","background-media":"","overlay-type":"","overlay-color":"","overlay-opacity":"","overlay-gradient":""},"mobile":{"background-color":"","background-image":"","background-repeat":"repeat","background-position":"center center","background-size":"auto","background-attachment":"scroll","background-type":"","background-media":"","overlay-type":"","overlay-color":"","overlay-opacity":"","overlay-gradient":""}},"ast-content-background-meta":{"desktop":{"background-color":"var(--ast-global-color-4)","background-image":"","background-repeat":"repeat","background-position":"center center","background-size":"auto","background-attachment":"scroll","background-type":"","background-media":"","overlay-type":"","overlay-color":"","overlay-opacity":"","overlay-gradient":""},"tablet":{"background-color":"var(--ast-global-color-4)","background-image":"","background-repeat":"repeat","background-position":"center center","background-size":"auto","background-attachment":"scroll","background-type":"","background-media":"","overlay-type":"","overlay-color":"","overlay-opacity":"","overlay-gradient":""},"mobile":{"background-color":"var(--ast-global-color-4)","background-image":"","background-repeat":"repeat","background-position":"center center","background-size":"auto","background-attachment":"scroll","background-type":"","background-media":"","overlay-type":"","overlay-color":"","overlay-opacity":"","overlay-gradient":""}},"footnotes":""},"class_list":["post-10","page","type-page","status-publish","has-post-thumbnail","hentry"],"jetpack_sharing_enabled":true,"_links":{"self":[{"href":"https:\/\/norboats.fi\/index.php\/wp-json\/wp\/v2\/pages\/10","targetHints":{"allow":["GET"]}}],"collection":[{"href":"https:\/\/norboats.fi\/index.php\/wp-json\/wp\/v2\/pages"}],"about":[{"href":"https:\/\/norboats.fi\/index.php\/wp-json\/wp\/v2\/types\/page"}],"author":[{"embeddable":true,"href":"https:\/\/norboats.fi\/index.php\/wp-json\/wp\/v2\/users\/1"}],"replies":[{"embeddable":true,"href":"https:\/\/norboats.fi\/index.php\/wp-json\/wp\/v2\/comments?post=10"}],"version-history":[{"count":29,"href":"https:\/\/norboats.fi\/index.php\/wp-json\/wp\/v2\/pages\/10\/revisions"}],"predecessor-version":[{"id":382,"href":"https:\/\/norboats.fi\/index.php\/wp-json\/wp\/v2\/pages\/10\/revisions\/382"}],"wp:featuredmedia":[{"embeddable":true,"href":"https:\/\/norboats.fi\/index.php\/wp-json\/wp\/v2\/media\/148"}],"wp:attachment":[{"href":"https:\/\/norboats.fi\/index.php\/wp-json\/wp\/v2\/media?parent=10"}],"curies":[{"name":"wp","href":"https:\/\/api.w.org\/{rel}","templated":true}]}}