{"id":12,"date":"2025-01-29T22:02:24","date_gmt":"2025-01-29T22:02:24","guid":{"rendered":"https:\/\/norboats.fi\/?page_id=12"},"modified":"2025-02-10T10:08:55","modified_gmt":"2025-02-10T10:08:55","slug":"henrik-norri-venemestari","status":"publish","type":"page","link":"https:\/\/norboats.fi\/index.php\/henrik-norri-venemestari\/","title":{"rendered":"Henrik Norri, veneiden parissa kasvanut venemestari"},"content":{"rendered":"\n<div class=\"wp-block-cover alignfull\" style=\"min-height:720px;aspect-ratio:unset;\"><span aria-hidden=\"true\" class=\"wp-block-cover__background has-ast-global-color-2-background-color has-background-dim\"><\/span><img loading=\"lazy\" decoding=\"async\" width=\"1000\" height=\"667\" class=\"wp-block-cover__image-background wp-image-87\" alt=\"\" src=\"https:\/\/norboats.fi\/wp-content\/uploads\/2025\/01\/henrik-puuveneveistajat-1.jpg\" style=\"object-position:49% 39%\" data-object-fit=\"cover\" data-object-position=\"49% 39%\" srcset=\"https:\/\/norboats.fi\/wp-content\/uploads\/2025\/01\/henrik-puuveneveistajat-1.jpg 1000w, https:\/\/norboats.fi\/wp-content\/uploads\/2025\/01\/henrik-puuveneveistajat-1-300x200.jpg 300w, https:\/\/norboats.fi\/wp-content\/uploads\/2025\/01\/henrik-puuveneveistajat-1-768x512.jpg 768w\" sizes=\"auto, (max-width: 1000px) 100vw, 1000px\" \/><div class=\"wp-block-cover__inner-container is-layout-flow wp-block-cover-is-layout-flow\">\n<div class=\"wp-block-group is-layout-constrained wp-container-core-group-is-layout-4383d167 wp-block-group-is-layout-constrained\">\n<div class=\"wp-block-columns is-layout-flex wp-container-core-columns-is-layout-28f84493 wp-block-columns-is-layout-flex\">\n<div class=\"wp-block-column is-layout-flow wp-block-column-is-layout-flow\">\n<h2 class=\"wp-block-heading has-ast-global-color-4-color has-text-color has-link-color wp-elements-874fe234cdec5366ccce1ad68cc929f7\">Veneenveiston perinne ja nykyaika kohtaavat Hollolassa<\/h2>\n\n\n\n<p class=\"has-ast-global-color-4-color has-text-color has-link-color wp-elements-73e7c1f00a0ea94da451c9a675700322\">Olen Henrik Norri. Minulla on pitk\u00e4 ja monipuolinen kokemus venealan parissa. Veneet ovat aina olleet osa el\u00e4m\u00e4\u00e4ni. Lapsena seurasin, kun is\u00e4ni rakensi veneit\u00e4, joilla purjehdimme kes\u00e4isin ja my\u00f6hemmin opiskelinkin veneartesaaniksi. Venemestariksi valmistuin vuonna 2023.<\/p>\n\n\n\n<div class=\"wp-block-buttons is-layout-flex wp-block-buttons-is-layout-flex\">\n<div class=\"wp-block-button\"><a class=\"wp-block-button__link wp-element-button\" href=\"#mediassa\">Mediassa<\/a><\/div>\n<\/div>\n<\/div>\n\n\n\n<div class=\"wp-block-column is-layout-flow wp-block-column-is-layout-flow\"><\/div>\n<\/div>\n<\/div>\n<\/div><\/div>\n\n\n\n<div class=\"wp-block-group alignfull is-layout-constrained wp-block-group-is-layout-constrained\" style=\"padding-top:20px;padding-bottom:20px\">\n<h2 class=\"wp-block-heading has-text-align-center\" style=\"padding-right:40px\">Matka puuveneiden maailmassa \u2013 perinteit\u00e4 ja modernia ajattelua<\/h2>\n\n\n\n<h4 class=\"wp-block-heading has-text-align-center\"><strong>Matkani veneenrakentamisen parissa<\/strong> on ollut jatkuvaa uuden oppimista ja opiskelua Suomessa ja Sveitsiss\u00e4.<\/h4>\n\n\n\n<p class=\"has-text-align-center\">Vuosien kokemukset veneenrakentamisesta, my\u00f6s muiden kuin puuveneiden parissa ovat kehitt\u00e4neet ty\u00f6menetelmi\u00e4ni ja filosofiaani. Intohimonani on ollut kehitt\u00e4\u00e4 nykyaikaisiin tarpeisiin sopiva puuvene. Kiisla-tyyppivene on hyv\u00e4 esimerkki puuveneest\u00e4, jossa yhdistyy helppohoitoisuus, ekologisuus ja ajaton design.<\/p>\n\n\n\n<figure class=\"wp-block-image size-full\"><img loading=\"lazy\" decoding=\"async\" width=\"1778\" height=\"1000\" src=\"https:\/\/norboats.fi\/wp-content\/uploads\/2025\/01\/henrik-norri-puuvene-06.jpg\" alt=\"\" class=\"wp-image-59\" srcset=\"https:\/\/norboats.fi\/wp-content\/uploads\/2025\/01\/henrik-norri-puuvene-06.jpg 1778w, https:\/\/norboats.fi\/wp-content\/uploads\/2025\/01\/henrik-norri-puuvene-06-300x169.jpg 300w, https:\/\/norboats.fi\/wp-content\/uploads\/2025\/01\/henrik-norri-puuvene-06-1024x576.jpg 1024w, https:\/\/norboats.fi\/wp-content\/uploads\/2025\/01\/henrik-norri-puuvene-06-768x432.jpg 768w, https:\/\/norboats.fi\/wp-content\/uploads\/2025\/01\/henrik-norri-puuvene-06-1536x864.jpg 1536w\" sizes=\"auto, (max-width: 1778px) 100vw, 1778px\" \/><\/figure>\n\n\n\n<p class=\"has-text-align-center\"><strong>Haluan toimia asiakasl\u00e4ht\u00f6isesti ja l\u00f6yt\u00e4\u00e4 jokaiselle yksil\u00f6llisen ratkaisun <\/strong>\u2013 on sitten kyseess\u00e4 venekuomu tai puuvene.<\/p>\n\n\n\n<p class=\"has-text-align-center\">Puuveneet ovat osa el\u00e4v\u00e4\u00e4 kulttuuriperint\u00f6\u00e4, kuten kansanmusiikki. Veneiden tavoin my\u00f6s musiikki on kulkenut mukanani pitk\u00e4n taipaleen. Musiikin parissa teen s\u00e4vellysty\u00f6t\u00e4, opettamista ja el\u00e4v\u00e4n musiikin esitt\u00e4mist\u00e4.<\/p>\n\n\n\n<p class=\"has-text-align-center\">Hollolan kylill\u00e4 perinteet el\u00e4v\u00e4t edelleen. Ensikosketukseni kansanmusiikkiin tapahtui Hollolan nuoriseurantalo Kukossa, jossa musiikki soi edelleen! Veneenveisto tapahtuu samalla raitilla.<\/p>\n\n\n\n<div class=\"wp-block-columns alignwide is-layout-flex wp-container-core-columns-is-layout-28f84493 wp-block-columns-is-layout-flex\">\n<div class=\"wp-block-column is-layout-flow wp-block-column-is-layout-flow\" style=\"flex-basis:66.66%\"><\/div>\n<\/div>\n<\/div>\n\n\n\n<div class=\"wp-block-group alignfull has-white-color has-ast-global-color-0-background-color has-text-color has-background has-link-color wp-elements-f5804f616219d2c16c2e11cfa291bc38 is-layout-constrained wp-block-group-is-layout-constrained\" style=\"padding-top:20px;padding-bottom:20px\">\n<div class=\"wp-block-media-text alignwide is-stacked-on-mobile is-image-fill-element\" style=\"grid-template-columns:38% auto\"><figure class=\"wp-block-media-text__media\"><img loading=\"lazy\" decoding=\"async\" width=\"1000\" height=\"1000\" src=\"https:\/\/norboats.fi\/wp-content\/uploads\/2025\/01\/henrik-norri-puuvene-03.jpg\" alt=\"\" class=\"wp-image-57 size-full\" style=\"object-position:62% 24%\" srcset=\"https:\/\/norboats.fi\/wp-content\/uploads\/2025\/01\/henrik-norri-puuvene-03.jpg 1000w, https:\/\/norboats.fi\/wp-content\/uploads\/2025\/01\/henrik-norri-puuvene-03-300x300.jpg 300w, https:\/\/norboats.fi\/wp-content\/uploads\/2025\/01\/henrik-norri-puuvene-03-150x150.jpg 150w, https:\/\/norboats.fi\/wp-content\/uploads\/2025\/01\/henrik-norri-puuvene-03-768x768.jpg 768w\" sizes=\"auto, (max-width: 1000px) 100vw, 1000px\" \/><\/figure><div class=\"wp-block-media-text__content\">\n<h4 class=\"wp-block-heading has-white-color has-text-color has-link-color wp-elements-def58e988c6b529e16e82a92dd71a3c0\"><strong>Nyky\u00e4\u00e4n keskityn erityisesti puuveneisiin ja venekuomuihin. <\/strong>Minulla on kokemusta vuosien saatossa my\u00f6s seuraavista t\u00f6ist\u00e4:<\/h4>\n\n\n\n<ul class=\"wp-block-list\">\n<li>Uusien puu- ja lujitemuoviveneiden valmistus<\/li>\n\n\n\n<li>Uusien kilpapurjeveneiden valmistus<\/li>\n\n\n\n<li>Puu- ja lujitemuoviveneiden korjaus- ja huoltoty\u00f6t<\/li>\n\n\n\n<li class=\"has-white-color has-text-color has-link-color wp-elements-ec56dd9880b4252949ad370bea846dff\">Rikikorjauksia ja -asennuksia<\/li>\n\n\n\n<li>Telakointity\u00f6t<\/li>\n\n\n\n<li>Veneiden pintak\u00e4sittelyt vesilinjan yl\u00e4- ja alapuolella<\/li>\n\n\n\n<li>Sisustusty\u00f6t<\/li>\n\n\n\n<li>Pohjan kunnostukset<\/li>\n\n\n\n<li>Asennusty\u00f6t<\/li>\n\n\n\n<li>Kuljetukset maitse ja vesitse<\/li>\n<\/ul>\n<\/div><\/div>\n<\/div>\n\n\n\n<div class=\"wp-block-group alignfull is-layout-constrained wp-block-group-is-layout-constrained\" style=\"padding-top:20px;padding-bottom:20px\">\n<div class=\"wp-block-columns alignwide is-layout-flex wp-container-core-columns-is-layout-28f84493 wp-block-columns-is-layout-flex\">\n<div class=\"wp-block-column is-layout-flow wp-block-column-is-layout-flow\">\n<h3 class=\"wp-block-heading\" id=\"mediassa\"><strong>Mediassa<\/strong><\/h3>\n\n\n\n<p><a href=\"https:\/\/www.ess.fi\/paikalliset\/5736194\" target=\"_blank\" rel=\"noreferrer noopener\">Hollolassa rakennettiin aivan uudenlainen puinen tyyppivene (Etel\u00e4-Suomen Sanomat)<\/a><\/p>\n\n\n\n<p><a href=\"https:\/\/venelehti.fi\/kuukauden-vene-puuveneveistajien-tyyppivene-nimea-vaille-valmis\/\" target=\"_blank\" rel=\"noreferrer noopener\">Kuukauden vene: Puuveneveist\u00e4jien Tyyppivene  (Venelehti)<\/a><\/p>\n\n\n\n<p><a href=\"https:\/\/venelehti.fi\/nakoislehti\/07-2023\/puuveneveistajien-tyyppivene-esittely\" target=\"_blank\" rel=\"noreferrer noopener\">Puuveneveist\u00e4jien tyyppivene &#8211; (Venelehti)<\/a><\/p>\n\n\n\n<p><a href=\"https:\/\/www.puuveneveistajat.fi\/kiisla\/\" target=\"_blank\" rel=\"noreferrer noopener\">KIISLA &#8211; Puuveneveist\u00e4j\u00e4t ry (puuveneveistajat.fi)<\/a><\/p>\n<\/div>\n\n\n\n<div class=\"wp-block-column is-layout-flow wp-block-column-is-layout-flow\">\n<h3 class=\"wp-block-heading\">Yhteisty\u00f6ss\u00e4<\/h3>\n\n\n\n<p><a href=\"https:\/\/puuvenemallisto.fi\/\" target=\"_blank\" rel=\"noreferrer noopener\">Puuvene &#8211; Suomalainen puuvenemallisto<\/a><\/p>\n\n\n\n<p><a href=\"https:\/\/www.nordiccraft.fi\/\">Nordic Craft<\/a><\/p>\n\n\n\n<p><a href=\"https:\/\/www.puuveneveistajat.fi\/ajankohtaista\/\">Puuveneveist\u00e4j\u00e4t ry<\/a><\/p>\n\n\n\n<h3 class=\"wp-block-heading\">Kansanmusiikki<\/h3>\n\n\n\n<p><a href=\"https:\/\/www.folkbandthalamus.fi\/\">Band &#8211; Folk <\/a><a href=\"https:\/\/www.folkbandthalamus.fi\/\" target=\"_blank\" rel=\"noreferrer noopener\">Band <\/a><a href=\"https:\/\/www.folkbandthalamus.fi\/\">Thalamus<\/a><\/p>\n\n\n\n<p><a href=\"https:\/\/www.facebook.com\/people\/Hollo-Martta-Folklore-Festival\/100063440035988\/\" target=\"_blank\" rel=\"noreferrer noopener\">Hollo &amp; Martta Folklore Festival (Facebook)<\/a><\/p>\n<\/div>\n<\/div>\n<\/div>\n\n\n\n<div class=\"wp-block-cover alignfull\"><span aria-hidden=\"true\" class=\"wp-block-cover__background has-background-dim\" style=\"background-color:#654f34\"><\/span><img loading=\"lazy\" decoding=\"async\" width=\"1000\" height=\"667\" class=\"wp-block-cover__image-background wp-image-53\" alt=\"\" src=\"https:\/\/norboats.fi\/wp-content\/uploads\/2025\/01\/puuveneveistajat-3.jpg\" style=\"object-position:46% 38%\" data-object-fit=\"cover\" data-object-position=\"46% 38%\" srcset=\"https:\/\/norboats.fi\/wp-content\/uploads\/2025\/01\/puuveneveistajat-3.jpg 1000w, https:\/\/norboats.fi\/wp-content\/uploads\/2025\/01\/puuveneveistajat-3-300x200.jpg 300w, https:\/\/norboats.fi\/wp-content\/uploads\/2025\/01\/puuveneveistajat-3-768x512.jpg 768w\" sizes=\"auto, (max-width: 1000px) 100vw, 1000px\" \/><div class=\"wp-block-cover__inner-container is-layout-constrained wp-block-cover-is-layout-constrained\">\n<div class=\"wp-block-buttons is-content-justification-center is-layout-flex wp-container-core-buttons-is-layout-a89b3969 wp-block-buttons-is-layout-flex\">\n<div class=\"wp-block-button\"><a class=\"wp-block-button__link wp-element-button\" href=\"https:\/\/www.facebook.com\/norboats.fi\/\">Uutisia Facebobookissa<\/a><\/div>\n<\/div>\n<\/div><\/div>\n\n\n\n<p><\/p>\n","protected":false},"excerpt":{"rendered":"<p>Matka puuveneiden maailmassa \u2013 perinteit\u00e4 ja modernia ajattelua Matkani veneenrakentamisen parissa on ollut jatkuvaa uuden oppimista ja opiskelua Suomessa ja [&hellip;]<\/p>\n","protected":false},"author":1,"featured_media":0,"parent":0,"menu_order":0,"comment_status":"closed","ping_status":"closed","template":"","meta":{"site-sidebar-layout":"default","site-content-layout":"","ast-site-content-layout":"default","site-content-style":"default","site-sidebar-style":"default","ast-global-header-display":"","ast-banner-title-visibility":"","ast-main-header-display":"","ast-hfb-above-header-display":"","ast-hfb-below-header-display":"","ast-hfb-mobile-header-display":"","site-post-title":"","ast-breadcrumbs-content":"","ast-featured-img":"","footer-sml-layout":"","ast-disable-related-posts":"","theme-transparent-header-meta":"","adv-header-id-meta":"","stick-header-meta":"","header-above-stick-meta":"","header-main-stick-meta":"","header-below-stick-meta":"","astra-migrate-meta-layouts":"default","ast-page-background-enabled":"default","ast-page-background-meta":{"desktop":{"background-color":"var(--ast-global-color-5)","background-image":"","background-repeat":"repeat","background-position":"center center","background-size":"auto","background-attachment":"scroll","background-type":"","background-media":"","overlay-type":"","overlay-color":"","overlay-opacity":"","overlay-gradient":""},"tablet":{"background-color":"","background-image":"","background-repeat":"repeat","background-position":"center center","background-size":"auto","background-attachment":"scroll","background-type":"","background-media":"","overlay-type":"","overlay-color":"","overlay-opacity":"","overlay-gradient":""},"mobile":{"background-color":"","background-image":"","background-repeat":"repeat","background-position":"center center","background-size":"auto","background-attachment":"scroll","background-type":"","background-media":"","overlay-type":"","overlay-color":"","overlay-opacity":"","overlay-gradient":""}},"ast-content-background-meta":{"desktop":{"background-color":"var(--ast-global-color-4)","background-image":"","background-repeat":"repeat","background-position":"center center","background-size":"auto","background-attachment":"scroll","background-type":"","background-media":"","overlay-type":"","overlay-color":"","overlay-opacity":"","overlay-gradient":""},"tablet":{"background-color":"var(--ast-global-color-4)","background-image":"","background-repeat":"repeat","background-position":"center center","background-size":"auto","background-attachment":"scroll","background-type":"","background-media":"","overlay-type":"","overlay-color":"","overlay-opacity":"","overlay-gradient":""},"mobile":{"background-color":"var(--ast-global-color-4)","background-image":"","background-repeat":"repeat","background-position":"center center","background-size":"auto","background-attachment":"scroll","background-type":"","background-media":"","overlay-type":"","overlay-color":"","overlay-opacity":"","overlay-gradient":""}},"footnotes":""},"class_list":["post-12","page","type-page","status-publish","hentry"],"jetpack_sharing_enabled":true,"_links":{"self":[{"href":"https:\/\/norboats.fi\/index.php\/wp-json\/wp\/v2\/pages\/12","targetHints":{"allow":["GET"]}}],"collection":[{"href":"https:\/\/norboats.fi\/index.php\/wp-json\/wp\/v2\/pages"}],"about":[{"href":"https:\/\/norboats.fi\/index.php\/wp-json\/wp\/v2\/types\/page"}],"author":[{"embeddable":true,"href":"https:\/\/norboats.fi\/index.php\/wp-json\/wp\/v2\/users\/1"}],"replies":[{"embeddable":true,"href":"https:\/\/norboats.fi\/index.php\/wp-json\/wp\/v2\/comments?post=12"}],"version-history":[{"count":25,"href":"https:\/\/norboats.fi\/index.php\/wp-json\/wp\/v2\/pages\/12\/revisions"}],"predecessor-version":[{"id":383,"href":"https:\/\/norboats.fi\/index.php\/wp-json\/wp\/v2\/pages\/12\/revisions\/383"}],"wp:attachment":[{"href":"https:\/\/norboats.fi\/index.php\/wp-json\/wp\/v2\/media?parent=12"}],"curies":[{"name":"wp","href":"https:\/\/api.w.org\/{rel}","templated":true}]}}