{"id":190,"date":"2025-01-30T03:56:33","date_gmt":"2025-01-30T03:56:33","guid":{"rendered":"https:\/\/norboats.fi\/?page_id=190"},"modified":"2025-02-10T10:33:56","modified_gmt":"2025-02-10T10:33:56","slug":"ota-yhteytta","status":"publish","type":"page","link":"https:\/\/norboats.fi\/index.php\/ota-yhteytta\/","title":{"rendered":"Ota yhteytt\u00e4"},"content":{"rendered":"\n<div class=\"wp-block-cover alignfull\" style=\"min-height:720px;aspect-ratio:unset;\"><span aria-hidden=\"true\" class=\"wp-block-cover__background has-background-dim-40 has-background-dim\" style=\"background-color:#371500\"><\/span><img loading=\"lazy\" decoding=\"async\" width=\"1200\" height=\"800\" class=\"wp-block-cover__image-background wp-image-56\" alt=\"Henrik Norri, venemestari\" src=\"https:\/\/norboats.fi\/wp-content\/uploads\/2025\/01\/henrik-norri-puuvene-02.jpg\" style=\"object-position:56% 43%\" data-object-fit=\"cover\" data-object-position=\"56% 43%\" srcset=\"https:\/\/norboats.fi\/wp-content\/uploads\/2025\/01\/henrik-norri-puuvene-02.jpg 1200w, https:\/\/norboats.fi\/wp-content\/uploads\/2025\/01\/henrik-norri-puuvene-02-300x200.jpg 300w, https:\/\/norboats.fi\/wp-content\/uploads\/2025\/01\/henrik-norri-puuvene-02-1024x683.jpg 1024w, https:\/\/norboats.fi\/wp-content\/uploads\/2025\/01\/henrik-norri-puuvene-02-768x512.jpg 768w\" sizes=\"auto, (max-width: 1200px) 100vw, 1200px\" \/><div class=\"wp-block-cover__inner-container is-layout-flow wp-block-cover-is-layout-flow\">\n<h2 class=\"wp-block-heading has-text-align-center has-white-color has-text-color has-link-color wp-elements-d74c860f38d0320d03b0625207b43d61\">Ota yhteytt\u00e4<\/h2>\n\n\n\n<p class=\"has-text-align-center has-white-color has-text-color has-link-color wp-elements-25239aa0bda546a625d6263d0934ab37\">Kuomuompelimo ja veneveist\u00e4m\u00f6 sijaitsevat Korpikyl\u00e4n kansakoululla Hollolassa.<\/p>\n\n\n\n<p class=\"has-text-align-center has-white-color has-text-color has-link-color wp-elements-8f87bf030b7a6131ea9da4641a2c3c81\">\ud83c\udde9\ud83c\uddea Wir sprechen Deutsch! \ud83c\uddec\ud83c\udde7 We speak English!<\/p>\n<\/div><\/div>\n\n\n\n<div class=\"wp-block-group alignfull has-white-color has-ast-global-color-0-background-color has-text-color has-background has-link-color wp-elements-edadf77ec8450488a00f9ffa00a99e22 is-layout-constrained wp-block-group-is-layout-constrained\" style=\"padding-top:20px;padding-bottom:20px\">\n<h2 class=\"wp-block-heading has-text-align-center has-white-color has-text-color has-link-color wp-elements-d74c860f38d0320d03b0625207b43d61\">Ota yhteytt\u00e4<\/h2>\n\n\n\n<h4 class=\"wp-block-heading has-text-align-center has-white-color has-text-color has-link-color wp-elements-011e96a48733141dcf57003c0a4ff57f\"><strong>Veneveist\u00e4m\u00f6 ja kuomuompelimo <\/strong><\/h4>\n\n\n\n<p class=\"has-text-align-center\">+358 40 320 8049<br>Korpikyl\u00e4ntie 413, 16500 Herrala.<\/p>\n\n\n\n<p class=\"has-text-align-center\">Olemme avoinna sopimuksen mukaan, joten otathan yhteytt\u00e4 ennen vierailuasi.<\/p>\n\n\n\n<div class=\"wp-block-columns is-layout-flex wp-container-core-columns-is-layout-28f84493 wp-block-columns-is-layout-flex\">\n<div class=\"wp-block-column is-layout-flow wp-block-column-is-layout-flow\" style=\"flex-basis:33.33%\">\n<p><strong>Henrik Norri<\/strong><br>Venemestari<\/p>\n\n\n\n<p>+358 40 320 8049<br><a href=\"mailto:henrik.norri@norboats.fi\">henrik.norri@norboats.fi<\/a><br><br><strong>Norboats Ky<\/strong><br>Korpikyl\u00e4ntie 413<br>16500 Herrala<br><\/p>\n<\/div>\n\n\n\n<div class=\"wp-block-column is-layout-flow wp-block-column-is-layout-flow\" style=\"flex-basis:66.66%\"><div class=\"wp-block-jetpack-contact-form is-style-default wp-elements-6492fa947d396ccd45213b4c622e2424\"><a href=\"https:\/\/norboats.fi\/index.php\/ota-yhteytta\/\" target=\"_blank\" rel=\"noopener noreferrer\">Submit a form.<\/a><\/div><\/div>\n<\/div>\n<\/div>\n\n\n\n<div class=\"wp-block-cover alignfull\"><span aria-hidden=\"true\" class=\"wp-block-cover__background has-background-dim\" style=\"background-color:#2f2000\"><\/span><img loading=\"lazy\" decoding=\"async\" width=\"1200\" height=\"800\" class=\"wp-block-cover__image-background wp-image-47\" alt=\"\" src=\"https:\/\/norboats.fi\/wp-content\/uploads\/2025\/01\/merisoutuvene-2.jpg\" style=\"object-position:56% 34%\" data-object-fit=\"cover\" data-object-position=\"56% 34%\" srcset=\"https:\/\/norboats.fi\/wp-content\/uploads\/2025\/01\/merisoutuvene-2.jpg 1200w, https:\/\/norboats.fi\/wp-content\/uploads\/2025\/01\/merisoutuvene-2-300x200.jpg 300w, https:\/\/norboats.fi\/wp-content\/uploads\/2025\/01\/merisoutuvene-2-1024x683.jpg 1024w, https:\/\/norboats.fi\/wp-content\/uploads\/2025\/01\/merisoutuvene-2-768x512.jpg 768w\" sizes=\"auto, (max-width: 1200px) 100vw, 1200px\" \/><div class=\"wp-block-cover__inner-container is-layout-constrained wp-block-cover-is-layout-constrained\">\n<h2 class=\"wp-block-heading has-text-align-center has-white-color has-text-color has-link-color wp-elements-50ea9f238d309d9bd8de5b806084d4d4\">Seuraa meit\u00e4 somessa<\/h2>\n\n\n\n<div class=\"wp-block-buttons is-content-justification-center is-layout-flex wp-container-core-buttons-is-layout-a89b3969 wp-block-buttons-is-layout-flex\">\n<div class=\"wp-block-button\"><a class=\"wp-block-button__link has-text-align-center wp-element-button\" href=\"https:\/\/www.facebook.com\/norboats.fi\/\" target=\"_blank\" rel=\"noreferrer noopener\">Norboats Facebookissa<\/a><\/div>\n<\/div>\n<\/div><\/div>\n\n\n\n<div class=\"wp-block-group alignfull has-white-color has-ast-global-color-0-background-color has-text-color has-background has-link-color wp-elements-1a73fd2182737b2f4c7f4521b9983b10 is-layout-constrained wp-block-group-is-layout-constrained\" style=\"padding-top:20px;padding-bottom:20px\">\n<p class=\"has-text-align-center\"><em>Osa sivuston kuvista: Mats Vuorenjuuri, Nordic Craft <\/em><br><em>Sivuston suunnittelu: Eliel Arkki, Good Power<\/em><\/p>\n<\/div>\n\n\n\n<p><\/p>\n","protected":false},"excerpt":{"rendered":"<p>Ota yhteytt\u00e4 Veneveist\u00e4m\u00f6 ja kuomuompelimo +358 40 320 8049Korpikyl\u00e4ntie 413, 16500 Herrala. Olemme avoinna sopimuksen mukaan, joten otathan yhteytt\u00e4 ennen [&hellip;]<\/p>\n","protected":false},"author":1,"featured_media":0,"parent":0,"menu_order":0,"comment_status":"closed","ping_status":"closed","template":"","meta":{"site-sidebar-layout":"default","site-content-layout":"","ast-site-content-layout":"default","site-content-style":"default","site-sidebar-style":"default","ast-global-header-display":"","ast-banner-title-visibility":"","ast-main-header-display":"","ast-hfb-above-header-display":"","ast-hfb-below-header-display":"","ast-hfb-mobile-header-display":"","site-post-title":"","ast-breadcrumbs-content":"","ast-featured-img":"","footer-sml-layout":"","ast-disable-related-posts":"","theme-transparent-header-meta":"","adv-header-id-meta":"","stick-header-meta":"","header-above-stick-meta":"","header-main-stick-meta":"","header-below-stick-meta":"","astra-migrate-meta-layouts":"default","ast-page-background-enabled":"default","ast-page-background-meta":{"desktop":{"background-color":"var(--ast-global-color-5)","background-image":"","background-repeat":"repeat","background-position":"center center","background-size":"auto","background-attachment":"scroll","background-type":"","background-media":"","overlay-type":"","overlay-color":"","overlay-opacity":"","overlay-gradient":""},"tablet":{"background-color":"","background-image":"","background-repeat":"repeat","background-position":"center center","background-size":"auto","background-attachment":"scroll","background-type":"","background-media":"","overlay-type":"","overlay-color":"","overlay-opacity":"","overlay-gradient":""},"mobile":{"background-color":"","background-image":"","background-repeat":"repeat","background-position":"center center","background-size":"auto","background-attachment":"scroll","background-type":"","background-media":"","overlay-type":"","overlay-color":"","overlay-opacity":"","overlay-gradient":""}},"ast-content-background-meta":{"desktop":{"background-color":"var(--ast-global-color-4)","background-image":"","background-repeat":"repeat","background-position":"center center","background-size":"auto","background-attachment":"scroll","background-type":"","background-media":"","overlay-type":"","overlay-color":"","overlay-opacity":"","overlay-gradient":""},"tablet":{"background-color":"var(--ast-global-color-4)","background-image":"","background-repeat":"repeat","background-position":"center center","background-size":"auto","background-attachment":"scroll","background-type":"","background-media":"","overlay-type":"","overlay-color":"","overlay-opacity":"","overlay-gradient":""},"mobile":{"background-color":"var(--ast-global-color-4)","background-image":"","background-repeat":"repeat","background-position":"center center","background-size":"auto","background-attachment":"scroll","background-type":"","background-media":"","overlay-type":"","overlay-color":"","overlay-opacity":"","overlay-gradient":""}},"footnotes":""},"class_list":["post-190","page","type-page","status-publish","hentry"],"jetpack_sharing_enabled":true,"_links":{"self":[{"href":"https:\/\/norboats.fi\/index.php\/wp-json\/wp\/v2\/pages\/190","targetHints":{"allow":["GET"]}}],"collection":[{"href":"https:\/\/norboats.fi\/index.php\/wp-json\/wp\/v2\/pages"}],"about":[{"href":"https:\/\/norboats.fi\/index.php\/wp-json\/wp\/v2\/types\/page"}],"author":[{"embeddable":true,"href":"https:\/\/norboats.fi\/index.php\/wp-json\/wp\/v2\/users\/1"}],"replies":[{"embeddable":true,"href":"https:\/\/norboats.fi\/index.php\/wp-json\/wp\/v2\/comments?post=190"}],"version-history":[{"count":7,"href":"https:\/\/norboats.fi\/index.php\/wp-json\/wp\/v2\/pages\/190\/revisions"}],"predecessor-version":[{"id":386,"href":"https:\/\/norboats.fi\/index.php\/wp-json\/wp\/v2\/pages\/190\/revisions\/386"}],"wp:attachment":[{"href":"https:\/\/norboats.fi\/index.php\/wp-json\/wp\/v2\/media?parent=190"}],"curies":[{"name":"wp","href":"https:\/\/api.w.org\/{rel}","templated":true}]}}